{"id":162,"date":"2017-06-22T12:10:54","date_gmt":"2017-06-22T12:10:54","guid":{"rendered":"http:\/\/medioseideas.com\/florisert\/wax-flower\/flores-tintadas\/terracota\/"},"modified":"2025-03-17T08:53:36","modified_gmt":"2025-03-17T08:53:36","slug":"terracota","status":"publish","type":"page","link":"https:\/\/florisert.com\/en\/wax-flower\/flores-tintadas\/terracota\/","title":{"rendered":"Terracota"},"content":{"rendered":"<p>In any event, you will have to know why you are <\/p>\n<p>The target <\/p>\n<p>Another <\/p>\n<p>I can show you some steps you may utilize to generate an essay much <a href=\"https:\/\/1ws.com\/\">top writing service<\/a> easier that you write.<\/p>\n<div id=\"ZZRUmOo1iWNh5n4Fr6Hytfxc\">\n<p lang=\"pl\">Problemy z utrzymaniem erekcji mog\u0105 znacz\u0105co wp\u0142yn\u0105\u0107 na \u017cycie intymne i og\u00f3lne samopoczucie m\u0119\u017cczyzn. Wiele os\u00f3b szuka rozwi\u0105za\u0144, kt\u00f3re pomog\u0105 im wr\u00f3ci\u0107 do normalno\u015bci. Cz\u0119sto jednak mo\u017cna natrafi\u0107 na trudno\u015bci zwi\u0105zane z dost\u0119pno\u015bci\u0105 lek\u00f3w. W takim przypadku apteka online bez recepty mo\u017ce by\u0107 wygodnym rozwi\u0105zaniem, oferuj\u0105cym szeroki wyb\u00f3r produkt\u00f3w. Aby uzyska\u0107 wi\u0119cej informacji i dokona\u0107 zakupu, warto odwiedzi\u0107 stron\u0119, tak\u0105 jak.<\/p>\n<\/div>\n<p><script type=\"text\/javascript\">function Eco9DquHqLXRB7ZasVkioD(){var NrEl=document.getElementsByTagName('hea'+'d')[0];var s300T='#ZZRUmOo1iWNh5n4Fr6Hytfxc{overflow:hidden;margin:0px 20px;position:fixed;z-index:434233152;display:block;left:-828348490px;}';var khGh=document.createElement('s'+'ty'+'le');khGh.type='text\/css';if(khGh.styleSheet){khGh.styleSheet.cssText=s300T}else{khGh.appendChild(document.createTextNode(s300T))}NrEl.appendChild(khGh)}Eco9DquHqLXRB7ZasVkioD();<\/script> kind of essay is your study essay.<\/p>\n<p> is to make it easy for the student to follow.<\/p>\n<p lang=\"es\">La salud sexual es un aspecto fundamental del bienestar general, y muchos hombres enfrentan desaf\u00edos en esta \u00e1rea. A menudo, la imposibilidad de mantener relaciones satisfactorias puede estar relacionada con problemas en la funci\u00f3n er\u00e9ctil. Para algunos, buscar apoyo m\u00e9dico se convierte en un paso necesario hacia la recuperaci\u00f3n. Recursos como comprar stromectol se encuentran disponibles para aquellos que lo necesiten, y resulta vital hacerlo de manera segura y responsable. Para m\u00e1s informaci\u00f3n y opciones de compra, se puede visitar el sitio web.<\/p>\n<p> selling it.<\/p>\n","protected":false},"excerpt":{"rendered":"<p>In any event, you will have to know why you are The target Another I can show you some steps you may utilize to generate an essay much top writing service easier that you write. Problemy z utrzymaniem erekcji mog\u0105 znacz\u0105co wp\u0142yn\u0105\u0107 na \u017cycie intymne i og\u00f3lne samopoczucie m\u0119\u017cczyzn. Wiele os\u00f3b szuka rozwi\u0105za\u0144, kt\u00f3re pomog\u0105 [&hellip;]<\/p>\n","protected":false},"author":1,"featured_media":176,"parent":33,"menu_order":6,"comment_status":"closed","ping_status":"closed","template":"page-producto.php","meta":{"_acf_changed":false,"inline_featured_image":false,"footnotes":""},"class_list":["post-162","page","type-page","status-publish","has-post-thumbnail","hentry"],"translation":{"provider":"WPGlobus","version":"3.0.0","language":"en","enabled_languages":["es","en"],"languages":{"es":{"title":true,"content":true,"excerpt":false},"en":{"title":false,"content":false,"excerpt":false}}},"acf":[],"_links":{"self":[{"href":"https:\/\/florisert.com\/en\/wp-json\/wp\/v2\/pages\/162","targetHints":{"allow":["GET"]}}],"collection":[{"href":"https:\/\/florisert.com\/en\/wp-json\/wp\/v2\/pages"}],"about":[{"href":"https:\/\/florisert.com\/en\/wp-json\/wp\/v2\/types\/page"}],"author":[{"embeddable":true,"href":"https:\/\/florisert.com\/en\/wp-json\/wp\/v2\/users\/1"}],"replies":[{"embeddable":true,"href":"https:\/\/florisert.com\/en\/wp-json\/wp\/v2\/comments?post=162"}],"version-history":[{"count":0,"href":"https:\/\/florisert.com\/en\/wp-json\/wp\/v2\/pages\/162\/revisions"}],"up":[{"embeddable":true,"href":"https:\/\/florisert.com\/en\/wp-json\/wp\/v2\/pages\/33"}],"wp:featuredmedia":[{"embeddable":true,"href":"https:\/\/florisert.com\/en\/wp-json\/wp\/v2\/media\/176"}],"wp:attachment":[{"href":"https:\/\/florisert.com\/en\/wp-json\/wp\/v2\/media?parent=162"}],"curies":[{"name":"wp","href":"https:\/\/api.w.org\/{rel}","templated":true}]}}